{"id":6448,"date":"2022-05-20T12:44:45","date_gmt":"2022-05-20T09:44:45","guid":{"rendered":"https:\/\/www.gulcemalsmmm.com\/?page_id=6448"},"modified":"2022-05-20T12:44:45","modified_gmt":"2022-05-20T09:44:45","slug":"ihrac-kayitli-satislarda-kdv-iade-islemleri","status":"publish","type":"page","link":"https:\/\/www.gulcemalsmmm.com\/index.php\/diger-icerikler\/ihrac-kayitli-satislarda-kdv-iade-islemleri\/","title":{"rendered":"\u0130hra\u00e7 Kay\u0131tl\u0131 Sat\u0131\u015flarda Kdv \u0130ade \u0130\u015flemleri"},"content":{"rendered":"<ul>\n<li><strong>UYGULAMANIN GENEL ANLATIMI<\/strong><\/li>\n<\/ul>\n<p><strong>Duyuru:\u00a0<\/strong>Sanayi sicil belgesi, kapasite raporu ve y\u0131ll\u0131k i\u015fletme cetveli i\u015flemlerinin tam ve eksiksiz olmas\u0131 \u015fartt\u0131r.<\/p>\n<p>Katma De\u011fer Vergisi kanunun 11\/1-c maddesi h\u00fckm\u00fc gere\u011fince; ihra\u00e7 edilmek \u015fart\u0131yla imalat\u00e7\u0131lar taraf\u0131ndan ihracat\u00e7\u0131lara teslim edilen mallara ait KDV, ihracat\u00e7\u0131lar taraf\u0131ndan sat\u0131c\u0131ya \u00f6denmez. Bu kapsamdaki sat\u0131\u015flar i\u00e7in d\u00fczenlenen faturaya;\u00a0\u201c3065 say\u0131l\u0131 KDV Kanununun (11\/1-c) maddesi h\u00fck\u00fcmlerine g\u00f6re, ihra\u00e7 edilmek \u015fart\u0131yla teslim edildi\u011finden, KDV tahsil edilmemi\u015ftir.\u201d\u00a0\u0130fadesi yaz\u0131l\u0131r.<\/p>\n<p>Sat\u0131c\u0131 imalat\u00e7\u0131 taraf\u0131ndan tahsil edilmeyen bu vergi mal tesliminin ger\u00e7ekle\u015fti\u011fi ilgili d\u00f6nem beyannamesinde beyan edilecektir. Bu vergi, vergi dairesince tarh ve tahakkuk ettirilerek tecil olunur. S\u00f6z konusu mallar\u0131n, ihracat\u00e7\u0131ya teslim tarihini takip eden ay ba\u015f\u0131ndan itibaren \u00fc\u00e7 ay i\u00e7inde ihra\u00e7 edilmesi halinde, tecil edilen vergi terkin olunur.<\/p>\n<p><strong>Duyuru:<\/strong>\u0130hracat\u0131n m\u00fccbir sebepler veya beklenmedik durumlar nedeniyle \u00fc\u00e7 ay i\u00e7inde ger\u00e7ekle\u015ftirilememesi halinde,\u00a0en ge\u00e7 \u00fc\u00e7 ayl\u0131k s\u00fcrenin doldu\u011fu tarihten itibaren onbe\u015f g\u00fcn i\u00e7inde\u00a0ba\u015fvuran ihracat\u00e7\u0131lara \u00fc\u00e7 aya kadar ek s\u00fcre verilebilir.<\/p>\n<p>\u0130hracat\u0131n yukar\u0131daki \u015fartlara uygun olarak ger\u00e7ekle\u015ftirilmemesi halinde, tecil olunan vergi tahakkuk ettirildi\u011fi tarihten itibaren\u00a0gecikme zamm\u0131yla\u00a0birlikte tahsil olunur. Ancak, ihra\u00e7 edilmek \u015fart\u0131yla teslim edilen mallar\u0131n 213 say\u0131l\u0131 Kanunda belirtilen\u00a0m\u00fccbir sebeplernedeniyle ihra\u00e7 edilememesi halinde, tecil edilen vergi tecil edildi\u011fi tarihten itibaren\u00a0tecil faizi\u00a0ile birlikte tahsil edilir.\u0130hracat\u00e7\u0131lara mal teslim eden imalat\u00e7\u0131lara iade edilecek KDV, ihra\u00e7 edilen mala ili\u015fkin imalat\u00e7\u0131 sat\u0131\u015f bedeline g\u00f6re hesaplanan vergiden imalat\u00e7\u0131 aleyhine matrahta meydana gelen de\u011fi\u015fikli\u011fe ili\u015fkin verginin d\u00fc\u015f\u00fclmesinden sonra kalan tutardan fazla olamaz.<\/p>\n<p>\u0130hracat\u00e7\u0131lara mal teslim eden imalat\u00e7\u0131lar\u0131n terkin ve iade i\u015flemleri ihracat\u0131n ger\u00e7ekle\u015fmesinden sonra yap\u0131l\u0131r. \u0130ade veya tecil olunacak vergi miktar\u0131, m\u00fckellefin ihra\u00e7 kayd\u0131yla teslimin yap\u0131ld\u0131\u011f\u0131 d\u00f6nem beyannamesinde yer alan bilgiler mukayese edilmek suretiyle hesaplan\u0131r.<\/p>\n<p>**\u00a0\u0130hra\u00e7 kayd\u0131yla teslimlere ait faturan\u0131n esas itibar\u0131yla ihracat\u00e7\u0131 firman\u0131n d\u00fczenledi\u011fi fatura tarihinden \u00f6nceki bir tarihte d\u00fczenlenmi\u015f olmas\u0131 gerekir. \u0130malat\u00e7\u0131 taraf\u0131ndan d\u00fczenlenen fatura tarihinin; ihracat\u00e7\u0131 firman\u0131n d\u00fczenledi\u011fi fatura tarihi veya fiili ihra\u00e7 tarihinden sonraki bir tarih olmas\u0131 halinde, 213 say\u0131l\u0131 Kanundaki fatura d\u00fczenleme s\u00fcrelerine uyulmas\u0131 kayd\u0131yla tecil-terkin uygulamas\u0131ndan yararlan\u0131labilir. Ancak, bu durumlar d\u0131\u015f\u0131nda ihra\u00e7 kayd\u0131yla teslime ili\u015fkin faturan\u0131n, fiili ihra\u00e7 tarihinden sonraki tarihi ta\u015f\u0131mas\u0131 halinde i\u015flemin ihra\u00e7 kayd\u0131yla teslime ili\u015fkin \u015fartlar a\u00e7\u0131s\u0131ndan yap\u0131lacak inceleme veya YMM raporu ile tespit edilmesi \u015fart\u0131yla terkin ve\/veya iade i\u015flemleri sonu\u00e7land\u0131r\u0131l\u0131r.<\/p>\n<ul>\n<li><strong>UYGULAMA KAPSAMINDAK\u0130 TESL\u0130MLER<\/strong><\/li>\n<\/ul>\n<p>\u0130malat\u00e7\u0131lar taraf\u0131ndan ihracat\u00e7\u0131lara ihra\u00e7 kayd\u0131yla yap\u0131lan mal teslimlerinde, tecil-terkin uygulamas\u0131ndan yararlan\u0131labilir.Ancak, teslim edilen mallar\u0131n bizzat imalat\u00e7\u0131 taraf\u0131ndan imal edilmi\u015f veya fason olarak imal ettirilmi\u015f olmas\u0131 \u015fartt\u0131r. Di\u011fer bir deyi\u015fle, imalat\u00e7\u0131 taraf\u0131ndan piyasadan tedarik edilen mallar\u0131n tecil-terkin uygulamas\u0131 kapsam\u0131nda ihra\u00e7 kayd\u0131yla teslimi m\u00fcmk\u00fcn de\u011fildir.<\/p>\n<p>T\u00fcrkiye\u2019de ikamet etmeyenlere \u00f6zel fatura ile yap\u0131lan sat\u0131\u015flarda, \u201cistisna izin belgesi\u201d sahibi m\u00fckelleflere imalat\u00e7\u0131lar taraf\u0131ndan tecil-terkin uygulamas\u0131 kapsam\u0131nda ihra\u00e7 kayd\u0131yla teslim m\u00fcmk\u00fcnd\u00fcr. Bu durumda tecil edilen verginin terkini i\u00e7in g\u00fcmr\u00fckte tasdik edilen \u201c\u00f6zel fatura\u201d n\u00fcshas\u0131 vergi dairesine ibraz edilir.<\/p>\n<ul>\n<li><strong>UYGULAMADAN YARARLANACAK\u00a0SATICILAR<\/strong><\/li>\n<\/ul>\n<p>Tecil-terkin uygulamas\u0131ndan \u201cimalat\u00e7\u0131\u201d vasf\u0131n\u0131 haiz sat\u0131c\u0131lar yararlanabilir.<\/p>\n<p>\u0130malat\u00e7\u0131n\u0131n;<\/p>\n<p>\u2013 Sanayi siciline kay\u0131tl\u0131 ve sanayi sicil belgesini haiz olmas\u0131 veya G\u0131da Tar\u0131m ve Hayvanc\u0131l\u0131k Bakanl\u0131\u011f\u0131ndan al\u0131nm\u0131\u015f \u00e7ift\u00e7i kay\u0131t belgesi, g\u0131da i\u015fletmesi kay\u0131t belgesi ve i\u015fletme onay belgelerinden (\u00fcretici belgesi) herhangi birine sahip olmas\u0131, (Bu belgeler sonraki b\u00f6l\u00fcmlerde \u201cimalat\u00e7\u0131 belgesi\u201d olarak an\u0131lacakt\u0131r.)<\/p>\n<p>\u2013 \u0130lgili meslek odas\u0131na kay\u0131tl\u0131 bulunmas\u0131,<\/p>\n<p>\u2013 \u00dcretimin yap\u0131ld\u0131\u011f\u0131 d\u00f6nemde y\u00fcr\u00fcrl\u00fckte bulunan Sanayi Sicil Tebli\u011flerinde \u00f6ng\u00f6r\u00fclen say\u0131da i\u015f\u00e7i \u00e7al\u0131\u015ft\u0131rmas\u0131 ve gerekli ara\u00e7 park\u0131na sahip olmas\u0131 veya kapasite raporundaki \u00fcretim altyap\u0131s\u0131na sahip olmas\u0131, gerekmektedir.<\/p>\n<p>Bu \u015fartlara sahip olan imalat\u00e7\u0131larca, ihra\u00e7 kayd\u0131yla ihracat\u00e7\u0131lara mal teslim edilen d\u00f6nemde ve bir defa olmak \u00fczere \u201cimalat\u00e7\u0131 belgesi\u201d ve ilgili meslek odas\u0131na \u00fcyelik belgesinin birer \u00f6rne\u011fi, ilgili d\u00f6nem KDV beyannamesinin verilme s\u00fcresine kadar ba\u011fl\u0131 olduklar\u0131 vergi dairesine bir dilek\u00e7e ekinde verilir. \u0130malat\u00e7\u0131 niteli\u011findeki de\u011fi\u015fiklikler ve imalat\u00e7\u0131 niteli\u011finin kaybedilmesi halleri ayr\u0131ca vergi dairesine bildirilir.<\/p>\n<p>\u0130malat\u00e7\u0131lar, ihra\u00e7 kayd\u0131yla teslim ettikleri mallar\u0131n bir k\u0131sm\u0131n\u0131 piyasadan haz\u0131r olarak sat\u0131n alabilirler. Bu durumda, imalat\u00e7\u0131lar\u0131n bizzat \u00fcrettikleri mallar i\u00e7in tecil-terkin uygulamas\u0131 yap\u0131l\u0131r. Piyasadan haz\u0131r olarak al\u0131p satt\u0131klar\u0131 mallar i\u00e7in tecil-terkin i\u015flemi uygulanmaz.<\/p>\n<p>** \u0130malat\u00e7\u0131 kapsam\u0131na girmeyen m\u00fckellefler, tecil-terkin uygulamas\u0131ndan yararlanamaz. Ancak, di\u011fer \u015fartlar\u0131 ta\u015f\u0131makla beraber, sadece imalat\u00e7\u0131 belgesine sahip olmayan m\u00fckelleflerden, ilgili Kuruma ba\u015fvuran ve bu Kurumdan s\u00f6z konusu belgenin verilece\u011fine ili\u015fkin olumlu g\u00f6r\u00fc\u015f alanlar da bu belgelerin verilmesi beklenilmeden tecil-terkin uygulamas\u0131ndan yararlan\u0131rlar. \u0130lgili Kurumdan olumlu g\u00f6r\u00fc\u015f alan m\u00fckelleflerin, olumlu g\u00f6r\u00fc\u015f yaz\u0131s\u0131n\u0131n verildi\u011fi tarihten \u00f6nceki d\u00f6nemlerde (ilgili kuruma ba\u015fvuru tarihinden sonraki) di\u011fer t\u00fcm \u015fartlar\u0131 ta\u015f\u0131d\u0131\u011f\u0131n\u0131n ilgili vergi dairesince tespit edilmesi kayd\u0131yla, olumlu g\u00f6r\u00fc\u015f yaz\u0131s\u0131n\u0131n verildi\u011fi tarihten \u00f6nceki s\u00f6z konusu teslimlerinde de tecil-terkin uygulamas\u0131ndan yararland\u0131r\u0131lmalar\u0131 m\u00fcmk\u00fcnd\u00fcr.<\/p>\n<ul>\n<li><strong>KDV \u0130ADE \u0130\u015eLEMLER\u0130 VE BELGELER<\/strong><\/li>\n<\/ul>\n<p>Tecil edilecek KDV, ihra\u00e7 kay\u0131tl\u0131 sat\u0131\u015flar \u00fczerinden hesaplanan KDV\u2019den fazla olamaz. Ancak \u00f6denmesi gereken KDV tutar\u0131, ihra\u00e7 kay\u0131tl\u0131 teslimler nedeniyle hesaplanan KDV\u2019den az ise bu tutar esas al\u0131n\u0131r. Tecil edilemeyen k\u0131s\u0131m, ihracat\u0131n ger\u00e7ekle\u015fti\u011fi d\u00f6nemde iade edilir.<\/p>\n<p>Tecil edilen KDV, ihracat konusu mal\u0131n s\u00fcresi i\u00e7inde ihra\u00e7 edildi\u011finin tevsik edilmesi \u015fart\u0131yla terkin edilir.\u00a0 Terkin i\u015fleminin yap\u0131labilmesi i\u00e7in;<\/p>\n<ul>\n<li>\u0130hra\u00e7 kayd\u0131yla teslim edilen mal\u0131n ihra\u00e7 edildi\u011fini g\u00f6steren g\u00fcmr\u00fck beyannamesi<\/li>\n<li>\u0130hra\u00e7 kayd\u0131yla sat\u0131\u015f faturalar\u0131<\/li>\n<li>\u0130hra\u00e7 kay\u0131tl\u0131 teslim edilen mala ili\u015fkin fatura tarihi, numaras\u0131, mal\u0131n cinsi, miktar\u0131, bedeli, KDV oran\u0131 ve hesaplanan KDV tutar\u0131, g\u00f6sterilir.Belgeyi talep eden imalat\u00e7\u0131n\u0131n; ad\u0131-soyad\u0131 veya unvan\u0131, ba\u011fl\u0131 oldu\u011fu vergi dairesi ve vergi kimlik numaras\u0131<\/li>\n<\/ul>\n<p>\u0130malat\u00e7\u0131lara ihra\u00e7 kayd\u0131yla teslim ettikleri mallar\u0131n ihra\u00e7 edildi\u011fine ili\u015fkin yaz\u0131 veren ihracat\u00e7\u0131lar, bir ay i\u00e7erisinde bu yaz\u0131y\u0131 verdikleri imalat\u00e7\u0131lara ait bir listeyi izleyen ay\u0131n 15 inci g\u00fcn\u00fc ak\u015fam\u0131na kadar kendilerinin ba\u011fl\u0131 bulundu\u011fu vergi dairelerine verirler.<\/p>\n<ul>\n<li><strong>\u0130HRACATIN GER\u00c7EKLE\u015eMEMES\u0130 HAL\u0130<\/strong><\/li>\n<\/ul>\n<p>\u0130hracat\u00e7\u0131lar\u0131n ihra\u00e7 kayd\u0131yla ald\u0131klar\u0131 mallar\u0131 hi\u00e7 ihra\u00e7 edememeleri ya da s\u00fcresinden sonra ihra\u00e7 etmeleri durumunda, ihra\u00e7 kayd\u0131yla yap\u0131lan teslim mahiyet itibar\u0131yla\u00a0yurti\u00e7i mal teslimine d\u00f6n\u00fc\u015f\u00fcr.Bu durumda, ihra\u00e7 kayd\u0131yla teslim bedeli \u00fczerinden hesaplanan ve tecil olunan vergi tahakkuk ettirildi\u011fi tarihten itibaren 6183 say\u0131l\u0131 Kanunun 51 inci maddesine g\u00f6re belirlenen gecikme zamm\u0131yla birlikte imalat\u00e7\u0131dan tahsil olunur.<\/p>\n","protected":false},"excerpt":{"rendered":"<p>UYGULAMANIN GENEL ANLATIMI Duyuru:\u00a0Sanayi sicil belgesi, kapasite raporu ve y\u0131ll\u0131k i\u015fletme cetveli i\u015flemlerinin tam ve eksiksiz olmas\u0131 \u015fartt\u0131r. Katma De\u011fer Vergisi kanunun 11\/1-c maddesi h\u00fckm\u00fc gere\u011fince; ihra\u00e7 edilmek \u015fart\u0131yla imalat\u00e7\u0131lar taraf\u0131ndan ihracat\u00e7\u0131lara teslim edilen mallara ait KDV, ihracat\u00e7\u0131lar taraf\u0131ndan sat\u0131c\u0131ya \u00f6denmez. Bu kapsamdaki sat\u0131\u015flar i\u00e7in d\u00fczenlenen faturaya;\u00a0\u201c3065 say\u0131l\u0131 KDV Kanununun (11\/1-c) maddesi h\u00fck\u00fcmlerine g\u00f6re, ihra\u00e7 [&hellip;]<\/p>\n","protected":false},"author":1,"featured_media":0,"parent":6307,"menu_order":0,"comment_status":"closed","ping_status":"closed","template":"","meta":{"footnotes":""},"class_list":["post-6448","page","type-page","status-publish","hentry"],"_links":{"self":[{"href":"https:\/\/www.gulcemalsmmm.com\/index.php\/wp-json\/wp\/v2\/pages\/6448","targetHints":{"allow":["GET"]}}],"collection":[{"href":"https:\/\/www.gulcemalsmmm.com\/index.php\/wp-json\/wp\/v2\/pages"}],"about":[{"href":"https:\/\/www.gulcemalsmmm.com\/index.php\/wp-json\/wp\/v2\/types\/page"}],"author":[{"embeddable":true,"href":"https:\/\/www.gulcemalsmmm.com\/index.php\/wp-json\/wp\/v2\/users\/1"}],"replies":[{"embeddable":true,"href":"https:\/\/www.gulcemalsmmm.com\/index.php\/wp-json\/wp\/v2\/comments?post=6448"}],"version-history":[{"count":1,"href":"https:\/\/www.gulcemalsmmm.com\/index.php\/wp-json\/wp\/v2\/pages\/6448\/revisions"}],"predecessor-version":[{"id":6449,"href":"https:\/\/www.gulcemalsmmm.com\/index.php\/wp-json\/wp\/v2\/pages\/6448\/revisions\/6449"}],"up":[{"embeddable":true,"href":"https:\/\/www.gulcemalsmmm.com\/index.php\/wp-json\/wp\/v2\/pages\/6307"}],"wp:attachment":[{"href":"https:\/\/www.gulcemalsmmm.com\/index.php\/wp-json\/wp\/v2\/media?parent=6448"}],"curies":[{"name":"wp","href":"https:\/\/api.w.org\/{rel}","templated":true}]}}