{"id":6442,"date":"2022-05-20T12:43:25","date_gmt":"2022-05-20T09:43:25","guid":{"rendered":"https:\/\/www.gulcemalsmmm.com\/?page_id=6442"},"modified":"2022-05-20T12:43:25","modified_gmt":"2022-05-20T09:43:25","slug":"yerli-mali-belgesi-islemleri","status":"publish","type":"page","link":"https:\/\/www.gulcemalsmmm.com\/index.php\/diger-icerikler\/yerli-mali-belgesi-islemleri\/","title":{"rendered":"Yerli Mal\u0131 Belgesi \u0130\u015flemleri"},"content":{"rendered":"<ul>\n<li><strong>YERL\u0130 MALI BELGES\u0130 \u0130\u015eLEMLER\u0130<\/strong><\/li>\n<\/ul>\n<p>Kamu ihalelerinde talep edilen ve firmalara %15\u2019 e kadar fiyat avantaj\u0131 sa\u011flayan Yerli Mal\u0131 Belgesi Tebli\u011fi 13.09.2014 tarih, 29118 say\u0131l\u0131 Resmi Gazete\u2019de yay\u0131mlanarak y\u00fcr\u00fcrl\u00fc\u011fe girmi\u015ftir. Yerli Mal\u0131 Belgesi talep eden firmalar\u0131n \u0130stanbul Ticaret Odas\u0131 -Ticari Belgelendirme Koordinat\u00f6rl\u00fc\u011f\u00fc Kapasite Birimi\u2019ne a\u015fa\u011f\u0131da yer alan belgelerle m\u00fcracaat etmeleri gerekmektedir.<\/p>\n<ul>\n<li><strong>YERL\u0130 MALI BELGES\u0130 VE \u00d6NEM\u0130<\/strong><\/li>\n<\/ul>\n<p>Kamu kurum ve kurulu\u015flar\u0131n\u0131n a\u00e7m\u0131\u015f oldu\u011fu ihalelere, askeri ihalelere kat\u0131l\u0131m \u015fartlar\u0131ndan birisidefirman\u0131n\u00a0<strong>yerli mal\u0131 belgesi<\/strong>\u00a0\u2018nin olmas\u0131d\u0131r. Bilindi\u011fi \u00fczere \u201c<strong>made in turkey<\/strong>\u201d markas\u0131n\u0131n ger\u00e7ek manada ispatlanmas\u0131 ancak ve ancak yerli mal\u0131 belgesi al\u0131nmas\u0131 ile m\u00fcmk\u00fcnd\u00fcr. Yerli mal\u0131 belgesi \u2018nin al\u0131nmas\u0131 konusunda \u015firketimiz dan\u0131\u015fmanl\u0131k hizmeti vermektedir.<\/p>\n<ul>\n<li><strong>YERL\u0130 MALI BELGES\u0130 KULLANIM\u00a0VE V\u0130ZE S\u00dcRES\u0130<\/strong><\/li>\n<\/ul>\n<p>Yerli mal\u0131 belgesi d\u00fczenlendi\u011fi tarih itibari ile 1 y\u0131l sonra yenilenmesi gerekir.<\/p>\n<ul>\n<li><strong>YERL\u0130 MALI BELGES\u0130 \u0130\u00c7\u0130N KABUL ED\u0130LECEK \u015eARTLAR<\/strong><\/li>\n<\/ul>\n<ul>\n<li>Bakanl\u0131k taraf\u0131ndan d\u00fczenlenen Sanayi Sicil Belgesine sahip sanayi i\u015fletmeleri taraf\u0131ndan \u00fcretilmesi ve Sanayi Sicil Belgesindeki \u201c\u00dcretim Konusu\u201d i\u00e7eri\u011finde yer almas\u0131.<\/li>\n<li>Tamamen T\u00fcrkiye\u2019de \u00fcretilen veya elde edilen \u00fcr\u00fcnler ile \u00fcretim s\u00fcrecinin \u00f6nemlia\u015famalar\u0131n\u0131n ve ekonomik y\u00f6nden gerekli g\u00f6r\u00fclen en son esasl\u0131 i\u015f\u00e7ilik ve eylemin T\u00fcrkiye\u2019de yap\u0131lm\u0131\u015f olmas\u0131.<\/li>\n<\/ul>\n<ul>\n<li>\u00dcr\u00fcn\u00fcn yerli katk\u0131 oran\u0131n\u0131n en az %51 olmas\u0131 gerekmektedir.<\/li>\n<\/ul>\n<ul>\n<li>\u00dcr\u00fcn\u00fcn Yerli Katk\u0131 Oran\u0131n\u0131n hesaplanmas\u0131 i\u00e7in; Yerli Katk\u0131 Oran\u0131 Hesap Cetvelinin \u00fcretici taraf\u0131ndan doldurulmas\u0131 gerekmektedir. Yerli Katk\u0131 Oran\u0131 Hesab\u0131 \u00fcretici taraf\u0131ndan yap\u0131ld\u0131ktan sonra mali y\u00f6nden serbest muhasebeci, serbest muhasebeci mali m\u00fc\u015favir ya da yeminli mali m\u00fc\u015favir taraf\u0131ndan incelenerek resmi kay\u0131tlara uygunlu\u011fu onaylan\u0131r. Bu inceleme s\u0131ras\u0131nda \u00fcr\u00fcn\u00fcn \u00fcretiminde kullan\u0131lan ithal ve yerli girdiler; defter kay\u0131tlar\u0131, faturalar, SGK bildirgeleri, g\u00fcmr\u00fck giri\u015f beyannameleri ve benzeri belgeler g\u00f6z \u00f6n\u00fcnde bulundurularak tespit yap\u0131l\u0131r. \u00dcretici serbest muhasebeci, serbest muhasebeci mali m\u00fc\u015favir ya da yeminli mali m\u00fc\u015favirler aras\u0131ndan muhasebecisini\/m\u00fc\u015favirini belirler.<\/li>\n<li>Yerli Katk\u0131 Oran\u0131 teknik y\u00f6nden incelemesi ise Eksper taraf\u0131ndan yap\u0131l\u0131r. Eksper, \u00fcretici taraf\u0131ndan \u00fcniversitelerin ilgili b\u00f6l\u00fcmlerinden konular\u0131nda uzman ki\u015filer aras\u0131ndan belirlenir veya \u00fcyesi oldu\u011fu Oda\u2019dan talep edilir. Eksper yerli katk\u0131 oran\u0131 hesab\u0131n\u0131n teknik y\u00f6nden incelemesini yaparak hesaplaman\u0131n do\u011frulu\u011funu onaylar. Bu inceleme s\u0131ras\u0131nda \u00fcretimde kullan\u0131lan girdiler \u00fcretim teknolojisi ve prosesi g\u00f6z \u00f6n\u00fcnde bulundurularak kontrol yap\u0131l\u0131r.<\/li>\n<\/ul>\n<ul>\n<li><strong>BA\u015eVURU \u0130\u00c7\u0130N GEREKL\u0130 BELGELER<\/strong><\/li>\n<\/ul>\n<p>Her evrak\u0131n \u00fczerinde firma ka\u015fe ve imzas\u0131 olmas\u0131 \u015fartt\u0131r.<\/p>\n<ol>\n<li>Yerli Mal\u0131 Belgesi Ba\u015fvuru Dilek\u00e7esi.<\/li>\n<li>Yerli Mal\u0131 Belgesi Taahh\u00fctnamesi.<\/li>\n<li>\u0130mza Sirk\u00fcsi. (noter onayl\u0131\u00a0As\u0131l)<\/li>\n<li>SMMM veya YMM ruhsat sureti. (SMMM veya YMM taraf\u0131ndan \u0131slak ka\u015fe ve imzal\u0131)<\/li>\n<li>Ham madde yerli ve ithal g\u00fcncel faturalar. (y\u00fcksek mebla\u011f olanlar)<\/li>\n<li>Yerli Mal\u0131 Belgesine konu olan \u00fcr\u00fcne ait g\u00fcncel fatura.<\/li>\n<li>Kapasite Raporu. (fotokopi)<\/li>\n<li>Sanayi sicil belgesi (asl\u0131)<\/li>\n<li>Hesap \u00f6zeti. (giderlerin i\u00e7eri\u011fini g\u00f6steren dok\u00fcmanlar)<\/li>\n<li>Marka Tescil Belgesi.<\/li>\n<li>\u00dcretim Re\u00e7etesi.<\/li>\n<\/ol>\n<p>Ayr\u0131ca \u00fcr\u00fcne ba\u011fl\u0131 olarak a\u015fa\u011f\u0131da belirtilen belgelerin as\u0131llar\u0131 ibraz edilmek kayd\u0131yla suretleri dilek\u00e7e ekinde yer al\u0131r:<\/p>\n<ul>\n<li>Sanayi Sicil Belgesi sureti<\/li>\n<li>G\u0131da \u0130\u015fletme Kay\u0131t veya Onay Belgesi sureti<\/li>\n<li>\u00c7ift\u00e7i Kay\u0131t Sistemi Belgesi veya G\u0131da, Tar\u0131m ve Hayvanc\u0131l\u0131k Bakanl\u0131\u011f\u0131n\u0131n ilgili kay\u0131t belgesi sureti (\u00d6rt\u00fcalt\u0131 Kay\u0131t Sistemi ve benzeri)<\/li>\n<li>M\u00fcstahsil makbuzu veya fatura sureti<\/li>\n<\/ul>\n<p>https:\/\/turmob.org.tr\/ebulten\/mevzuatsirkuleri\/2018\/119-2018.pdf<\/p>\n<p>https:\/\/turmob.org.tr\/ebulten\/mevzuatsirkuleri\/2018\/127-2018.pdf<\/p>\n<p>https:\/\/turmob.org.tr\/ebulten\/mevzuatsirkuleri\/2018\/107-2018.pdf<\/p>\n","protected":false},"excerpt":{"rendered":"<p>YERL\u0130 MALI BELGES\u0130 \u0130\u015eLEMLER\u0130 Kamu ihalelerinde talep edilen ve firmalara %15\u2019 e kadar fiyat avantaj\u0131 sa\u011flayan Yerli Mal\u0131 Belgesi Tebli\u011fi 13.09.2014 tarih, 29118 say\u0131l\u0131 Resmi Gazete\u2019de yay\u0131mlanarak y\u00fcr\u00fcrl\u00fc\u011fe girmi\u015ftir. Yerli Mal\u0131 Belgesi talep eden firmalar\u0131n \u0130stanbul Ticaret Odas\u0131 -Ticari Belgelendirme Koordinat\u00f6rl\u00fc\u011f\u00fc Kapasite Birimi\u2019ne a\u015fa\u011f\u0131da yer alan belgelerle m\u00fcracaat etmeleri gerekmektedir. YERL\u0130 MALI BELGES\u0130 VE \u00d6NEM\u0130 [&hellip;]<\/p>\n","protected":false},"author":1,"featured_media":0,"parent":6307,"menu_order":0,"comment_status":"closed","ping_status":"closed","template":"","meta":{"footnotes":""},"class_list":["post-6442","page","type-page","status-publish","hentry"],"_links":{"self":[{"href":"https:\/\/www.gulcemalsmmm.com\/index.php\/wp-json\/wp\/v2\/pages\/6442","targetHints":{"allow":["GET"]}}],"collection":[{"href":"https:\/\/www.gulcemalsmmm.com\/index.php\/wp-json\/wp\/v2\/pages"}],"about":[{"href":"https:\/\/www.gulcemalsmmm.com\/index.php\/wp-json\/wp\/v2\/types\/page"}],"author":[{"embeddable":true,"href":"https:\/\/www.gulcemalsmmm.com\/index.php\/wp-json\/wp\/v2\/users\/1"}],"replies":[{"embeddable":true,"href":"https:\/\/www.gulcemalsmmm.com\/index.php\/wp-json\/wp\/v2\/comments?post=6442"}],"version-history":[{"count":1,"href":"https:\/\/www.gulcemalsmmm.com\/index.php\/wp-json\/wp\/v2\/pages\/6442\/revisions"}],"predecessor-version":[{"id":6443,"href":"https:\/\/www.gulcemalsmmm.com\/index.php\/wp-json\/wp\/v2\/pages\/6442\/revisions\/6443"}],"up":[{"embeddable":true,"href":"https:\/\/www.gulcemalsmmm.com\/index.php\/wp-json\/wp\/v2\/pages\/6307"}],"wp:attachment":[{"href":"https:\/\/www.gulcemalsmmm.com\/index.php\/wp-json\/wp\/v2\/media?parent=6442"}],"curies":[{"name":"wp","href":"https:\/\/api.w.org\/{rel}","templated":true}]}}