{"id":6302,"date":"2022-05-17T12:57:39","date_gmt":"2022-05-17T09:57:39","guid":{"rendered":"https:\/\/alfadestek.com\/gulcemal\/?page_id=6302"},"modified":"2022-05-17T13:17:40","modified_gmt":"2022-05-17T10:17:40","slug":"hizmetlerimiz","status":"publish","type":"page","link":"https:\/\/www.gulcemalsmmm.com\/index.php\/hizmetlerimiz\/","title":{"rendered":"Hizmetlerimiz"},"content":{"rendered":"<p>Sunulan Hizmetlerin Konusu ve Kapsam\u0131 :<\/p>\n<p>&nbsp;<\/p>\n<ul>\n<li>T\u00fcrkiye Cumhuriyeti mevzuat\u0131na ve muhasebe standartlar\u0131na uygun \u015fekilde ticari ve mali defterlerinin tutulmas\u0131,<\/li>\n<li>Finansal tablolar\u0131n d\u00f6vizlere \u00e7evrilerek raporlanmas\u0131,<\/li>\n<li>Uluslararas\u0131 muhasebe standartlar\u0131na g\u00f6re raporlama,<\/li>\n<li>Bilan\u00e7o, gelir tablosu, beyannameler, bildirgeler ve di\u011fer bildirim ve belgelerin haz\u0131rlanmas\u0131 (Muhtasar, KDV, Ge\u00e7ici Vergi ve Y\u0131ll\u0131k Gelir ve Kurumlar Vergisi Beyannameleri gibi\u2026.),<\/li>\n<li>Sabit k\u0131ymetlerin mevzuata uygun \u015fekilde kay\u0131tlar\u0131n\u0131n tutulmas\u0131, say\u0131m\u0131 ve raporlanmas\u0131,<\/li>\n<li>Sosyal G\u00fcvenlik Kurumu ve \u0130\u015f Mevzuat\u0131 konusunda sistemlerinin kurulmas\u0131, uygulamalar\u0131 ve geli\u015ftirilmesi kapsam\u0131nda m\u00fc\u015favirlik ve uygulama hizmetlerinin verilmesi ,<\/li>\n<li>Denetim ve Dan\u0131\u015fmanl\u0131k Hizmetleri,<\/li>\n<li>S\u0131n\u0131rl\u0131 Uygunluk Denetimi (SUD)<br \/>\n&#8211; Muhasebe Denetimi<br \/>\n&#8211; Bilan\u00e7o Denetimi<br \/>\n&#8211; Gelir Tablosunun Denetimi<br \/>\n&#8211; Vergi Denetimi<br \/>\n&#8211; Finansal Tablolar\u0131n Test Edilmesi.<\/li>\n<\/ul>\n<p>Di\u011fer Hizmetler :<\/p>\n<ul>\n<li>Yabanc\u0131 \/ Yerli ger\u00e7ek ki\u015fi ve t\u00fczel ki\u015filere ili\u015fkin kurulu\u015f i\u015flemleri,<\/li>\n<li>\u015eirket kurulu\u015fu, yeniden yap\u0131land\u0131r\u0131lmas\u0131, birle\u015fme, b\u00f6l\u00fcnme, devir ve tasfiye i\u015flemleri,<\/li>\n<li>\u015eirketler ve ger\u00e7ek ki\u015filere ili\u015fkin yurtd\u0131\u015f\u0131 \/yurti\u00e7i irtibat b\u00fcrolar\u0131 kurulu\u015f ve takip i\u015flemleri,<\/li>\n<li>Proje dan\u0131\u015fmanl\u0131k deste\u011fi, anahtar teslim fizibilite i\u015flemleri,<\/li>\n<li>Grup \u015firketler ve aile \u015firketleri \u00f6rg\u00fctlenme dan\u0131\u015fmanl\u0131\u011f\u0131,<\/li>\n<li>\u00d6zel ama\u00e7l\u0131 \u015firket ve mali incelemeleri,<\/li>\n<li>\u0130\u00e7 denetim \u00f6rg\u00fctlenmesi yap\u0131land\u0131r\u0131lmas\u0131, geli\u015ftirilmesi,<\/li>\n<li>\u0130\u00e7 kontrol sistemleri incelemesi,<\/li>\n<li>B\u00fct\u00e7e planlama ve analizi,<\/li>\n<li>B\u00fcy\u00fcme ve geli\u015fme stratejileri,<\/li>\n<li>\u0130\u015fletme ve kredi analizleri,<\/li>\n<li>Mali analiz ve risk de\u011ferlendirmeleri,<\/li>\n<li>Mali analiz ve raporlama sistemlerinin olu\u015fturulmas\u0131,<\/li>\n<li>Maliyet , y\u00f6netim dan\u0131\u015fmanl\u0131\u011f\u0131 ve analizleri,<\/li>\n<li>Firma ihtiya\u00e7lar\u0131na g\u00f6re belirlenen \u00f6zel e\u011fitimler,<\/li>\n<li>Genel \/ S\u00fcreli dan\u0131\u015fmanl\u0131k deste\u011fi,<\/li>\n<li>Mevzuatla ilgili yaz\u0131l\u0131 ve s\u00f6zl\u00fc bilgilendirmeler,<\/li>\n<li>Tahkim \/ Bilirki\u015filik, g\u00f6r\u00fc\u015f bildirmek, rapor d\u00fczenlemek.<\/li>\n<\/ul>\n","protected":false},"excerpt":{"rendered":"<p>Sunulan Hizmetlerin Konusu ve Kapsam\u0131 : &nbsp; T\u00fcrkiye Cumhuriyeti mevzuat\u0131na ve muhasebe standartlar\u0131na uygun \u015fekilde ticari ve mali defterlerinin tutulmas\u0131, Finansal tablolar\u0131n d\u00f6vizlere \u00e7evrilerek raporlanmas\u0131, Uluslararas\u0131 muhasebe standartlar\u0131na g\u00f6re raporlama, Bilan\u00e7o, gelir tablosu, beyannameler, bildirgeler ve di\u011fer bildirim ve belgelerin haz\u0131rlanmas\u0131 (Muhtasar, KDV, Ge\u00e7ici Vergi ve Y\u0131ll\u0131k Gelir ve Kurumlar Vergisi Beyannameleri gibi\u2026.), Sabit k\u0131ymetlerin [&hellip;]<\/p>\n","protected":false},"author":1,"featured_media":0,"parent":0,"menu_order":0,"comment_status":"closed","ping_status":"closed","template":"","meta":{"footnotes":""},"class_list":["post-6302","page","type-page","status-publish","hentry"],"_links":{"self":[{"href":"https:\/\/www.gulcemalsmmm.com\/index.php\/wp-json\/wp\/v2\/pages\/6302","targetHints":{"allow":["GET"]}}],"collection":[{"href":"https:\/\/www.gulcemalsmmm.com\/index.php\/wp-json\/wp\/v2\/pages"}],"about":[{"href":"https:\/\/www.gulcemalsmmm.com\/index.php\/wp-json\/wp\/v2\/types\/page"}],"author":[{"embeddable":true,"href":"https:\/\/www.gulcemalsmmm.com\/index.php\/wp-json\/wp\/v2\/users\/1"}],"replies":[{"embeddable":true,"href":"https:\/\/www.gulcemalsmmm.com\/index.php\/wp-json\/wp\/v2\/comments?post=6302"}],"version-history":[{"count":2,"href":"https:\/\/www.gulcemalsmmm.com\/index.php\/wp-json\/wp\/v2\/pages\/6302\/revisions"}],"predecessor-version":[{"id":6375,"href":"https:\/\/www.gulcemalsmmm.com\/index.php\/wp-json\/wp\/v2\/pages\/6302\/revisions\/6375"}],"wp:attachment":[{"href":"https:\/\/www.gulcemalsmmm.com\/index.php\/wp-json\/wp\/v2\/media?parent=6302"}],"curies":[{"name":"wp","href":"https:\/\/api.w.org\/{rel}","templated":true}]}}